{"id":500,"date":"2026-03-06T11:18:40","date_gmt":"2026-03-06T11:18:40","guid":{"rendered":"https:\/\/linerahotel.ro\/?page_id=500"},"modified":"2026-03-06T11:24:12","modified_gmt":"2026-03-06T11:24:12","slug":"cookie-suti-tajekoztato","status":"publish","type":"page","link":"https:\/\/linerahotel.ro\/ro\/cookie-suti-tajekoztato\/","title":{"rendered":"NOTIFICARE PRIVIND COOKIE-URILE"},"content":{"rendered":"<div data-elementor-type=\"wp-page\" data-elementor-id=\"500\" class=\"elementor elementor-500\" data-elementor-post-type=\"page\">\n\t\t\t\t<div class=\"elementor-element elementor-element-db70b78 e-flex e-con-boxed e-con e-parent\" data-id=\"db70b78\" data-element_type=\"container\" data-e-type=\"container\" data-settings=\"{&quot;background_background&quot;:&quot;classic&quot;}\">\n\t\t\t\t\t<div class=\"e-con-inner\">\n\t\t\t\t\t<\/div>\n\t\t\t\t<\/div>\n\t\t<div class=\"elementor-element elementor-element-28b79115 e-flex e-con-boxed e-con e-parent\" data-id=\"28b79115\" data-element_type=\"container\" data-e-type=\"container\">\n\t\t\t\t\t<div class=\"e-con-inner\">\n\t\t\t\t<div class=\"elementor-element elementor-element-4a97a925 elementor-widget elementor-widget-text-editor\" data-id=\"4a97a925\" data-element_type=\"widget\" data-e-type=\"widget\" data-widget_type=\"text-editor.default\">\n\t\t\t\t\t\t\t\t\t\n<p><strong>1. Mi az a cookie<\/strong><\/p>\n\n<p>A cookie (s\u00fcti) egy kis adatf\u00e1jl, amely a weboldal l\u00e1togat\u00e1sa sor\u00e1n ker\u00fcl a felhaszn\u00e1l\u00f3 eszk\u00f6z\u00e9re.<\/p>\n\n<p>C\u00e9lja a weboldal m\u0171k\u00f6d\u00e9s\u00e9nek biztos\u00edt\u00e1sa, a felhaszn\u00e1l\u00f3i \u00e9lm\u00e9ny jav\u00edt\u00e1sa \u00e9s statisztikai elemz\u00e9s.<\/p>\n\n<p><strong>2. Haszn\u00e1lt cookie t\u00edpusok<\/strong><\/p>\n\n<p>Sz\u00fcks\u00e9ges cookie<\/p>\n\n<p>A weboldal m\u0171k\u00f6d\u00e9s\u00e9hez sz\u00fcks\u00e9ges.<\/p>\n\n<p>Statisztikai cookie<\/p>\n\n<p>L\u00e1togatotts\u00e1gi adatok m\u00e9r\u00e9s\u00e9re.<\/p>\n\n<p>Marketing cookie<\/p>\n\n<p>Rekl\u00e1m c\u00e9l\u00fa adatgy\u0171jt\u00e9sre.<\/p>\n\n<p><strong>3. Cookie kezel\u00e9se<\/strong><\/p>\n\n<p>A felhaszn\u00e1l\u00f3 b\u00f6ng\u00e9sz\u0151j\u00e9ben b\u00e1rmikor:<\/p>\n\n<p>&#8211; t\u00f6r\u00f6lheti<\/p>\n\n<p>&#8211; letilthatja<\/p>\n\n<p>&#8211; m\u00f3dos\u00edthatja<\/p>\n\t\t\t\t\t\t\t\t<\/div>\n\t\t\t\t\t<\/div>\n\t\t\t\t<\/div>\n\t\t\t\t<\/div>","protected":false},"excerpt":{"rendered":"<p>1. Mi az a cookie A cookie (s\u00fcti) egy kis adatf\u00e1jl, amely a weboldal l\u00e1togat\u00e1sa sor\u00e1n ker\u00fcl a felhaszn\u00e1l\u00f3 eszk\u00f6z\u00e9re. [&hellip;]<\/p>\n","protected":false},"author":1,"featured_media":0,"parent":0,"menu_order":0,"comment_status":"closed","ping_status":"closed","template":"elementor_header_footer","meta":{"site-sidebar-layout":"default","site-content-layout":"","ast-site-content-layout":"full-width-container","site-content-style":"unboxed","site-sidebar-style":"default","ast-global-header-display":"","ast-banner-title-visibility":"","ast-main-header-display":"","ast-hfb-above-header-display":"","ast-hfb-below-header-display":"","ast-hfb-mobile-header-display":"","site-post-title":"","ast-breadcrumbs-content":"","ast-featured-img":"","footer-sml-layout":"","ast-disable-related-posts":"","theme-transparent-header-meta":"enabled","adv-header-id-meta":"","stick-header-meta":"","header-above-stick-meta":"","header-main-stick-meta":"","header-below-stick-meta":"","astra-migrate-meta-layouts":"default","ast-page-background-enabled":"default","ast-page-background-meta":{"desktop":{"background-color":"var(--ast-global-color-5)","background-image":"","background-repeat":"repeat","background-position":"center center","background-size":"auto","background-attachment":"scroll","background-type":"","background-media":"","overlay-type":"","overlay-color":"","overlay-opacity":"","overlay-gradient":""},"tablet":{"background-color":"","background-image":"","background-repeat":"repeat","background-position":"center center","background-size":"auto","background-attachment":"scroll","background-type":"","background-media":"","overlay-type":"","overlay-color":"","overlay-opacity":"","overlay-gradient":""},"mobile":{"background-color":"","background-image":"","background-repeat":"repeat","background-position":"center center","background-size":"auto","background-attachment":"scroll","background-type":"","background-media":"","overlay-type":"","overlay-color":"","overlay-opacity":"","overlay-gradient":""}},"ast-content-background-meta":{"desktop":{"background-color":"var(--ast-global-color-4)","background-image":"","background-repeat":"repeat","background-position":"center center","background-size":"auto","background-attachment":"scroll","background-type":"","background-media":"","overlay-type":"","overlay-color":"","overlay-opacity":"","overlay-gradient":""},"tablet":{"background-color":"var(--ast-global-color-4)","background-image":"","background-repeat":"repeat","background-position":"center center","background-size":"auto","background-attachment":"scroll","background-type":"","background-media":"","overlay-type":"","overlay-color":"","overlay-opacity":"","overlay-gradient":""},"mobile":{"background-color":"var(--ast-global-color-4)","background-image":"","background-repeat":"repeat","background-position":"center center","background-size":"auto","background-attachment":"scroll","background-type":"","background-media":"","overlay-type":"","overlay-color":"","overlay-opacity":"","overlay-gradient":""}},"footnotes":""},"class_list":["post-500","page","type-page","status-publish","hentry"],"_links":{"self":[{"href":"https:\/\/linerahotel.ro\/ro\/wp-json\/wp\/v2\/pages\/500","targetHints":{"allow":["GET"]}}],"collection":[{"href":"https:\/\/linerahotel.ro\/ro\/wp-json\/wp\/v2\/pages"}],"about":[{"href":"https:\/\/linerahotel.ro\/ro\/wp-json\/wp\/v2\/types\/page"}],"author":[{"embeddable":true,"href":"https:\/\/linerahotel.ro\/ro\/wp-json\/wp\/v2\/users\/1"}],"replies":[{"embeddable":true,"href":"https:\/\/linerahotel.ro\/ro\/wp-json\/wp\/v2\/comments?post=500"}],"version-history":[{"count":11,"href":"https:\/\/linerahotel.ro\/ro\/wp-json\/wp\/v2\/pages\/500\/revisions"}],"predecessor-version":[{"id":517,"href":"https:\/\/linerahotel.ro\/ro\/wp-json\/wp\/v2\/pages\/500\/revisions\/517"}],"wp:attachment":[{"href":"https:\/\/linerahotel.ro\/ro\/wp-json\/wp\/v2\/media?parent=500"}],"curies":[{"name":"wp","href":"https:\/\/api.w.org\/{rel}","templated":true}]}}