{"id":498,"date":"2026-03-06T11:18:03","date_gmt":"2026-03-06T11:18:03","guid":{"rendered":"https:\/\/linerahotel.ro\/?page_id=498"},"modified":"2026-03-06T11:26:30","modified_gmt":"2026-03-06T11:26:30","slug":"adatkezelesi-tajekoztato","status":"publish","type":"page","link":"https:\/\/linerahotel.ro\/ro\/adatkezelesi-tajekoztato\/","title":{"rendered":"POLITICA DE CONFIDEN\u021aIALITATE"},"content":{"rendered":"<div data-elementor-type=\"wp-page\" data-elementor-id=\"498\" class=\"elementor elementor-498\" data-elementor-post-type=\"page\">\n\t\t\t\t<div class=\"elementor-element elementor-element-3e14620 e-flex e-con-boxed e-con e-parent\" data-id=\"3e14620\" data-element_type=\"container\" data-e-type=\"container\" data-settings=\"{&quot;background_background&quot;:&quot;classic&quot;}\">\n\t\t\t\t\t<div class=\"e-con-inner\">\n\t\t\t\t\t<\/div>\n\t\t\t\t<\/div>\n\t\t<div class=\"elementor-element elementor-element-414563c e-flex e-con-boxed e-con e-parent\" data-id=\"414563c\" data-element_type=\"container\" data-e-type=\"container\">\n\t\t\t\t\t<div class=\"e-con-inner\">\n\t\t\t\t<div class=\"elementor-element elementor-element-5846bf2 elementor-widget elementor-widget-text-editor\" data-id=\"5846bf2\" data-element_type=\"widget\" data-e-type=\"widget\" data-widget_type=\"text-editor.default\">\n\t\t\t\t\t\t\t\t\t<p><\/p>\n<p><span style=\"font-style: inherit; font-weight: inherit;\">Operator de date<\/span><\/p>\n<p>Intramuros Resort SRL<\/p>\n<p>Sediu: Miercurea\u2011Ciuc, Str. Petofi Sandor nr. 8AG\u2011EC, jud. Harghita<\/p>\n<p>CUI: RO42864099<\/p>\n<p>Nr. Registrul Comer\u021bului: J19\/319\/2020<\/p>\n<p>Reprezentant: Mih\u00e1lyfalvi Attila L\u00e1szl\u00f3<\/p>\n<p><\/p>\n<ol>\n<li><b>Scopul politicii<\/b><\/li>\n<\/ol>\n<p>Aceast\u0103 politic\u0103 descrie modul \u00een care Intramuros Resort SRL colecteaz\u0103 \u0219i utilizeaz\u0103 datele cu caracter personal<\/p>\n<p>\u00een conformitate cu Regulamentul UE 2016\/679 (GDPR) \u0219i legisla\u021bia rom\u00e2n\u0103.<\/p>\n<p><\/p>\n<ol start=\"2\">\n<li><b>Tipuri de date colectate<\/b><\/li>\n<\/ol>\n<p>Operatorul poate colecta:<\/p>\n<p>&#8211; nume<\/p>\n<p>&#8211; adres\u0103<\/p>\n<p>&#8211; e-mail<\/p>\n<p>&#8211; num\u0103r de telefon<\/p>\n<p>&#8211; date de rezervare<\/p>\n<p><\/p>\n<ol start=\"3\">\n<li><b>Scopul prelucr\u0103rii datelor<\/b><\/li>\n<\/ol>\n<p>&#8211; gestionarea rezerv\u0103rilor<\/p>\n<p>&#8211; emiterea facturilor<\/p>\n<p>&#8211; comunicarea cu clien\u021bii<\/p>\n<p>&#8211; \u00eendeplinirea obliga\u021biilor legale<\/p>\n<p><\/p>\n<ol start=\"4\">\n<li><b>Temeiul legal<\/b><\/li>\n<\/ol>\n<p>Datele sunt prelucrate pe baza:<\/p>\n<p>&#8211; consim\u021b\u0103m\u00e2ntului persoanei vizate<\/p>\n<p>&#8211; execut\u0103rii unui contract<\/p>\n<p>&#8211; obliga\u021biei legale<\/p>\n<p><\/p>\n<ol start=\"5\">\n<li><b>Drepturile persoanelor vizate<\/b><\/li>\n<\/ol>\n<p>&#8211; dreptul de acces<\/p>\n<p>&#8211; dreptul la rectificare<\/p>\n<p>&#8211; dreptul la \u0219tergere<\/p>\n<p>&#8211; dreptul la restric\u021bionare<\/p>\n<p>&#8211; dreptul la opozi\u021bie<\/p>\n<p><\/p>\n<ol start=\"6\">\n<li><b>Autoritatea de supraveghere<\/b><\/li>\n<\/ol>\n<p>Autoritatea Na\u021bional\u0103 de Supraveghere a Prelucr\u0103rii Datelor cu Caracter Personal<\/p>\n<p>www.dataprotection.ro<\/p>\n<p><\/p>\n<p><!-- \/wp:paragraph --><\/p>\t\t\t\t\t\t\t\t<\/div>\n\t\t\t\t\t<\/div>\n\t\t\t\t<\/div>\n\t\t\t\t<\/div>","protected":false},"excerpt":{"rendered":"<p>Adatkezel\u0151 adatai C\u00e9gn\u00e9v: Intramuros Resort SRLSz\u00e9khely: Miercurea\u2011Ciuc, Str. Petofi Sandor nr. 8AG\u2011EC, jud. Harghita, Rom\u00e1niaAd\u00f3sz\u00e1m: RO42864099C\u00e9gjegyz\u00e9ksz\u00e1m: J19\/319\/2020K\u00e9pviseli: Mih\u00e1lyfalvi Attila L\u00e1szl\u00f3 [&hellip;]<\/p>\n","protected":false},"author":1,"featured_media":0,"parent":0,"menu_order":0,"comment_status":"closed","ping_status":"closed","template":"elementor_header_footer","meta":{"site-sidebar-layout":"default","site-content-layout":"","ast-site-content-layout":"full-width-container","site-content-style":"default","site-sidebar-style":"default","ast-global-header-display":"","ast-banner-title-visibility":"","ast-main-header-display":"","ast-hfb-above-header-display":"","ast-hfb-below-header-display":"","ast-hfb-mobile-header-display":"","site-post-title":"","ast-breadcrumbs-content":"","ast-featured-img":"","footer-sml-layout":"","ast-disable-related-posts":"","theme-transparent-header-meta":"enabled","adv-header-id-meta":"","stick-header-meta":"","header-above-stick-meta":"","header-main-stick-meta":"","header-below-stick-meta":"","astra-migrate-meta-layouts":"default","ast-page-background-enabled":"default","ast-page-background-meta":{"desktop":{"background-color":"var(--ast-global-color-5)","background-image":"","background-repeat":"repeat","background-position":"center center","background-size":"auto","background-attachment":"scroll","background-type":"","background-media":"","overlay-type":"","overlay-color":"","overlay-opacity":"","overlay-gradient":""},"tablet":{"background-color":"","background-image":"","background-repeat":"repeat","background-position":"center center","background-size":"auto","background-attachment":"scroll","background-type":"","background-media":"","overlay-type":"","overlay-color":"","overlay-opacity":"","overlay-gradient":""},"mobile":{"background-color":"","background-image":"","background-repeat":"repeat","background-position":"center center","background-size":"auto","background-attachment":"scroll","background-type":"","background-media":"","overlay-type":"","overlay-color":"","overlay-opacity":"","overlay-gradient":""}},"ast-content-background-meta":{"desktop":{"background-color":"var(--ast-global-color-4)","background-image":"","background-repeat":"repeat","background-position":"center center","background-size":"auto","background-attachment":"scroll","background-type":"","background-media":"","overlay-type":"","overlay-color":"","overlay-opacity":"","overlay-gradient":""},"tablet":{"background-color":"var(--ast-global-color-4)","background-image":"","background-repeat":"repeat","background-position":"center center","background-size":"auto","background-attachment":"scroll","background-type":"","background-media":"","overlay-type":"","overlay-color":"","overlay-opacity":"","overlay-gradient":""},"mobile":{"background-color":"var(--ast-global-color-4)","background-image":"","background-repeat":"repeat","background-position":"center center","background-size":"auto","background-attachment":"scroll","background-type":"","background-media":"","overlay-type":"","overlay-color":"","overlay-opacity":"","overlay-gradient":""}},"footnotes":""},"class_list":["post-498","page","type-page","status-publish","hentry"],"_links":{"self":[{"href":"https:\/\/linerahotel.ro\/ro\/wp-json\/wp\/v2\/pages\/498","targetHints":{"allow":["GET"]}}],"collection":[{"href":"https:\/\/linerahotel.ro\/ro\/wp-json\/wp\/v2\/pages"}],"about":[{"href":"https:\/\/linerahotel.ro\/ro\/wp-json\/wp\/v2\/types\/page"}],"author":[{"embeddable":true,"href":"https:\/\/linerahotel.ro\/ro\/wp-json\/wp\/v2\/users\/1"}],"replies":[{"embeddable":true,"href":"https:\/\/linerahotel.ro\/ro\/wp-json\/wp\/v2\/comments?post=498"}],"version-history":[{"count":11,"href":"https:\/\/linerahotel.ro\/ro\/wp-json\/wp\/v2\/pages\/498\/revisions"}],"predecessor-version":[{"id":523,"href":"https:\/\/linerahotel.ro\/ro\/wp-json\/wp\/v2\/pages\/498\/revisions\/523"}],"wp:attachment":[{"href":"https:\/\/linerahotel.ro\/ro\/wp-json\/wp\/v2\/media?parent=498"}],"curies":[{"name":"wp","href":"https:\/\/api.w.org\/{rel}","templated":true}]}}